{"id":477,"date":"2022-11-28T09:36:11","date_gmt":"2022-11-28T09:36:11","guid":{"rendered":"https:\/\/nadal.sagales.com\/home\/"},"modified":"2022-12-14T16:43:58","modified_gmt":"2022-12-14T16:43:58","slug":"home","status":"publish","type":"page","link":"https:\/\/nadal.sagales.com\/es\/","title":{"rendered":"Felicitaci\u00f3n Navidad 2022"},"content":{"rendered":"\t\t<div data-elementor-type=\"wp-page\" data-elementor-id=\"477\" class=\"elementor elementor-477 elementor-5\">\n\t\t\t\t\t\t\t\t\t<section class=\"elementor-section elementor-top-section elementor-element elementor-element-0ce85d9 elementor-section-boxed elementor-section-height-default elementor-section-height-default\" data-id=\"0ce85d9\" data-element_type=\"section\" data-settings=\"{&quot;background_background&quot;:&quot;classic&quot;}\">\n\t\t\t\t\t\t<div class=\"elementor-container elementor-column-gap-default\">\n\t\t\t\t\t<div class=\"elementor-column elementor-col-100 elementor-top-column elementor-element elementor-element-a8e4fe1\" data-id=\"a8e4fe1\" data-element_type=\"column\">\n\t\t\t<div class=\"elementor-widget-wrap elementor-element-populated\">\n\t\t\t\t\t\t\t\t<div class=\"elementor-element elementor-element-ce72645 elementor-widget elementor-widget-image\" data-id=\"ce72645\" data-element_type=\"widget\" data-settings=\"{&quot;motion_fx_motion_fx_scrolling&quot;:&quot;yes&quot;,&quot;motion_fx_devices&quot;:[&quot;desktop&quot;,&quot;tablet&quot;,&quot;mobile&quot;]}\" data-widget_type=\"image.default\">\n\t\t\t\t<div class=\"elementor-widget-container\">\n\t\t\t<style>\/*! elementor - v3.8.1 - 13-11-2022 *\/\n.elementor-widget-image{text-align:center}.elementor-widget-image a{display:inline-block}.elementor-widget-image a img[src$=\".svg\"]{width:48px}.elementor-widget-image img{vertical-align:middle;display:inline-block}<\/style>\t\t\t\t\t\t\t\t\t\t\t\t<img loading=\"lazy\" decoding=\"async\" width=\"87\" height=\"20\" src=\"https:\/\/nadal.sagales.com\/wp-content\/uploads\/2022\/12\/logo-white_nadal_2.svg\" class=\"attachment-medium size-medium\" alt=\"\" \/>\t\t\t\t\t\t\t\t\t\t\t\t\t\t\t<\/div>\n\t\t\t\t<\/div>\n\t\t\t\t<div class=\"elementor-element elementor-element-43e6c04 animated-slow elementor-invisible elementor-widget elementor-widget-heading\" data-id=\"43e6c04\" data-element_type=\"widget\" data-settings=\"{&quot;_animation&quot;:&quot;fadeInUp&quot;}\" data-widget_type=\"heading.default\">\n\t\t\t\t<div class=\"elementor-widget-container\">\n\t\t\t<style>\/*! elementor - v3.8.1 - 13-11-2022 *\/\n.elementor-heading-title{padding:0;margin:0;line-height:1}.elementor-widget-heading .elementor-heading-title[class*=elementor-size-]>a{color:inherit;font-size:inherit;line-height:inherit}.elementor-widget-heading .elementor-heading-title.elementor-size-small{font-size:15px}.elementor-widget-heading .elementor-heading-title.elementor-size-medium{font-size:19px}.elementor-widget-heading .elementor-heading-title.elementor-size-large{font-size:29px}.elementor-widget-heading .elementor-heading-title.elementor-size-xl{font-size:39px}.elementor-widget-heading .elementor-heading-title.elementor-size-xxl{font-size:59px}<\/style><h1 class=\"elementor-heading-title elementor-size-default\">les desea que pasen unas<br>felices\nfiestas<\/h1>\t\t<\/div>\n\t\t\t\t<\/div>\n\t\t\t\t<div class=\"elementor-element elementor-element-49129bd elementor-invisible elementor-widget elementor-widget-image\" data-id=\"49129bd\" data-element_type=\"widget\" data-settings=\"{&quot;_animation&quot;:&quot;fadeInUp&quot;}\" data-widget_type=\"image.default\">\n\t\t\t\t<div class=\"elementor-widget-container\">\n\t\t\t\t\t\t\t\t\t\t\t\t\t\t\t<img loading=\"lazy\" decoding=\"async\" width=\"58\" height=\"27\" src=\"https:\/\/nadal.sagales.com\/wp-content\/uploads\/2022\/11\/NAIXEMENT.svg\" class=\"attachment-medium size-medium\" alt=\"\" \/>\t\t\t\t\t\t\t\t\t\t\t\t\t\t\t<\/div>\n\t\t\t\t<\/div>\n\t\t\t\t\t<\/div>\n\t\t<\/div>\n\t\t\t\t\t\t\t<\/div>\n\t\t<\/section>\n\t\t\t\t<section class=\"elementor-section elementor-top-section elementor-element elementor-element-8c98472 elementor-section-boxed elementor-section-height-default elementor-section-height-default\" data-id=\"8c98472\" data-element_type=\"section\" data-settings=\"{&quot;shape_divider_top&quot;:&quot;waves&quot;}\">\n\t\t\t\t\t<div class=\"elementor-shape elementor-shape-top\" data-negative=\"false\">\n\t\t\t<svg xmlns=\"http:\/\/www.w3.org\/2000\/svg\" viewBox=\"0 0 1000 100\" preserveAspectRatio=\"none\">\n\t<path class=\"elementor-shape-fill\" d=\"M421.9,6.5c22.6-2.5,51.5,0.4,75.5,5.3c23.6,4.9,70.9,23.5,100.5,35.7c75.8,32.2,133.7,44.5,192.6,49.7\n\tc23.6,2.1,48.7,3.5,103.4-2.5c54.7-6,106.2-25.6,106.2-25.6V0H0v30.3c0,0,72,32.6,158.4,30.5c39.2-0.7,92.8-6.7,134-22.4\n\tc21.2-8.1,52.2-18.2,79.7-24.2C399.3,7.9,411.6,7.5,421.9,6.5z\"\/>\n<\/svg>\t\t<\/div>\n\t\t\t\t\t<div class=\"elementor-container elementor-column-gap-default\">\n\t\t\t\t\t<div class=\"elementor-column elementor-col-100 elementor-top-column elementor-element elementor-element-dab2c00\" data-id=\"dab2c00\" data-element_type=\"column\">\n\t\t\t<div class=\"elementor-widget-wrap\">\n\t\t\t\t\t\t\t\t\t<\/div>\n\t\t<\/div>\n\t\t\t\t\t\t\t<\/div>\n\t\t<\/section>\n\t\t\t\t<section class=\"elementor-section elementor-top-section elementor-element elementor-element-06678d7 elementor-section-boxed elementor-section-height-default elementor-section-height-default\" data-id=\"06678d7\" data-element_type=\"section\">\n\t\t\t\t\t\t<div class=\"elementor-container elementor-column-gap-default\">\n\t\t\t\t\t<div class=\"elementor-column elementor-col-100 elementor-top-column elementor-element elementor-element-93c9897\" data-id=\"93c9897\" data-element_type=\"column\" data-settings=\"{&quot;background_background&quot;:&quot;classic&quot;}\">\n\t\t\t<div class=\"elementor-widget-wrap elementor-element-populated\">\n\t\t\t\t\t\t\t\t<div class=\"elementor-element elementor-element-9535f5b tamano_iframe elementor-widget elementor-widget-shortcode\" data-id=\"9535f5b\" data-element_type=\"widget\" data-widget_type=\"shortcode.default\">\n\t\t\t\t<div class=\"elementor-widget-container\">\n\t\t\t\t\t<div class=\"elementor-shortcode\"><div class='html5-anim'><iframe height='900' src='https:\/\/development.linka.es\/sagales22\/wp-content\/arbol\/index.html' frameborder='0' scrolling='no' ><\/iframe><\/div><\/div>\n\t\t\t\t<\/div>\n\t\t\t\t<\/div>\n\t\t\t\t\t<\/div>\n\t\t<\/div>\n\t\t\t\t\t\t\t<\/div>\n\t\t<\/section>\n\t\t\t\t<section class=\"elementor-section elementor-top-section elementor-element elementor-element-85a3a21 elementor-section-height-min-height elementor-section-boxed elementor-section-height-default elementor-section-items-middle\" data-id=\"85a3a21\" data-element_type=\"section\" data-settings=\"{&quot;shape_divider_bottom&quot;:&quot;waves&quot;,&quot;animation&quot;:&quot;none&quot;}\">\n\t\t\t\t\t<div class=\"elementor-shape elementor-shape-bottom\" data-negative=\"false\">\n\t\t\t<svg xmlns=\"http:\/\/www.w3.org\/2000\/svg\" viewBox=\"0 0 1000 100\" preserveAspectRatio=\"none\">\n\t<path class=\"elementor-shape-fill\" d=\"M421.9,6.5c22.6-2.5,51.5,0.4,75.5,5.3c23.6,4.9,70.9,23.5,100.5,35.7c75.8,32.2,133.7,44.5,192.6,49.7\n\tc23.6,2.1,48.7,3.5,103.4-2.5c54.7-6,106.2-25.6,106.2-25.6V0H0v30.3c0,0,72,32.6,158.4,30.5c39.2-0.7,92.8-6.7,134-22.4\n\tc21.2-8.1,52.2-18.2,79.7-24.2C399.3,7.9,411.6,7.5,421.9,6.5z\"\/>\n<\/svg>\t\t<\/div>\n\t\t\t\t\t<div class=\"elementor-container elementor-column-gap-default\">\n\t\t\t\t\t<div class=\"elementor-column elementor-col-100 elementor-top-column elementor-element elementor-element-a8e2ee6\" data-id=\"a8e2ee6\" data-element_type=\"column\">\n\t\t\t<div class=\"elementor-widget-wrap\">\n\t\t\t\t\t\t\t\t\t<\/div>\n\t\t<\/div>\n\t\t\t\t\t\t\t<\/div>\n\t\t<\/section>\n\t\t\t\t<section class=\"elementor-section elementor-top-section elementor-element elementor-element-709d49a elementor-section-boxed elementor-section-height-default elementor-section-height-default\" data-id=\"709d49a\" data-element_type=\"section\" data-settings=\"{&quot;background_background&quot;:&quot;classic&quot;}\">\n\t\t\t\t\t\t<div class=\"elementor-container elementor-column-gap-default\">\n\t\t\t\t\t<div class=\"elementor-column elementor-col-100 elementor-top-column elementor-element elementor-element-a47b2b6\" data-id=\"a47b2b6\" data-element_type=\"column\">\n\t\t\t<div class=\"elementor-widget-wrap elementor-element-populated\">\n\t\t\t\t\t\t\t\t<div class=\"elementor-element elementor-element-78f36df elementor-invisible elementor-widget elementor-widget-image\" data-id=\"78f36df\" data-element_type=\"widget\" data-settings=\"{&quot;_animation&quot;:&quot;fadeInUp&quot;}\" data-widget_type=\"image.default\">\n\t\t\t\t<div class=\"elementor-widget-container\">\n\t\t\t\t\t\t\t\t\t\t\t\t\t\t\t<img loading=\"lazy\" decoding=\"async\" width=\"300\" height=\"300\" src=\"https:\/\/nadal.sagales.com\/wp-content\/uploads\/2022\/11\/Estrella-Fugac-3.svg\" class=\"attachment-medium size-medium\" alt=\"\" \/>\t\t\t\t\t\t\t\t\t\t\t\t\t\t\t<\/div>\n\t\t\t\t<\/div>\n\t\t\t\t<div class=\"elementor-element elementor-element-e54724a animated-slow elementor-invisible elementor-widget elementor-widget-text-editor\" data-id=\"e54724a\" data-element_type=\"widget\" data-settings=\"{&quot;_animation&quot;:&quot;fadeInUp&quot;}\" data-widget_type=\"text-editor.default\">\n\t\t\t\t<div class=\"elementor-widget-container\">\n\t\t\t<style>\/*! elementor - v3.8.1 - 13-11-2022 *\/\n.elementor-widget-text-editor.elementor-drop-cap-view-stacked .elementor-drop-cap{background-color:#818a91;color:#fff}.elementor-widget-text-editor.elementor-drop-cap-view-framed .elementor-drop-cap{color:#818a91;border:3px solid;background-color:transparent}.elementor-widget-text-editor:not(.elementor-drop-cap-view-default) .elementor-drop-cap{margin-top:8px}.elementor-widget-text-editor:not(.elementor-drop-cap-view-default) .elementor-drop-cap-letter{width:1em;height:1em}.elementor-widget-text-editor .elementor-drop-cap{float:left;text-align:center;line-height:1;font-size:50px}.elementor-widget-text-editor .elementor-drop-cap-letter{display:inline-block}<\/style>\t\t\t\t<p>El cultivo de nuestros valores es la base firme que nos hace crecer. Cerramos un a\u00f1o nuevo con el convencimiento de haber regado un poco m\u00e1s este \u00e1rbol, de haber cuidado sus hojas y ramas y de haber recogido los frutos.<\/p>\t\t\t\t\t\t<\/div>\n\t\t\t\t<\/div>\n\t\t\t\t<div class=\"elementor-element elementor-element-92f0723 animated-slow elementor-invisible elementor-widget elementor-widget-text-editor\" data-id=\"92f0723\" data-element_type=\"widget\" data-settings=\"{&quot;_animation&quot;:&quot;fadeInUp&quot;}\" data-widget_type=\"text-editor.default\">\n\t\t\t\t<div class=\"elementor-widget-container\">\n\t\t\t\t\t\t\t<p>En 2023 continuaremos con el compromiso de seguir cultivando nuestros valores y fortaleciendo este \u00e1rbol.<\/p>\t\t\t\t\t\t<\/div>\n\t\t\t\t<\/div>\n\t\t\t\t<div class=\"elementor-element elementor-element-2b49594 animated-slow elementor-invisible elementor-widget elementor-widget-heading\" data-id=\"2b49594\" data-element_type=\"widget\" data-settings=\"{&quot;_animation&quot;:&quot;fadeInUp&quot;}\" data-widget_type=\"heading.default\">\n\t\t\t\t<div class=\"elementor-widget-container\">\n\t\t\t<h1 class=\"elementor-heading-title elementor-size-default\">FELIZ NAVIDAD<br>Y PR\u00d3SPERO A\u00d1O NUEVO<\/h1>\t\t<\/div>\n\t\t\t\t<\/div>\n\t\t\t\t<div class=\"elementor-element elementor-element-195b393 elementor-invisible elementor-widget elementor-widget-image\" data-id=\"195b393\" data-element_type=\"widget\" data-settings=\"{&quot;_animation&quot;:&quot;fadeInUp&quot;}\" data-widget_type=\"image.default\">\n\t\t\t\t<div class=\"elementor-widget-container\">\n\t\t\t\t\t\t\t\t\t\t\t\t\t\t\t<img loading=\"lazy\" decoding=\"async\" width=\"300\" height=\"300\" src=\"https:\/\/nadal.sagales.com\/wp-content\/uploads\/2022\/11\/Arbre-3-1.svg\" class=\"attachment-medium size-medium\" alt=\"\" \/>\t\t\t\t\t\t\t\t\t\t\t\t\t\t\t<\/div>\n\t\t\t\t<\/div>\n\t\t\t\t<div class=\"elementor-element elementor-element-41ae6b4 animated-slow elementor-invisible elementor-widget elementor-widget-text-editor\" data-id=\"41ae6b4\" data-element_type=\"widget\" data-settings=\"{&quot;_animation&quot;:&quot;fadeInUp&quot;}\" data-widget_type=\"text-editor.default\">\n\t\t\t\t<div class=\"elementor-widget-container\">\n\t\t\t\t\t\t\t<p>Gracias a <strong>S\u00f2nia Torrents<\/strong>, del Departamento de Calidad,<br \/>por habernos regalado esta pintura inspirada en Sagal\u00e9s.<\/p>\t\t\t\t\t\t<\/div>\n\t\t\t\t<\/div>\n\t\t\t\t\t<\/div>\n\t\t<\/div>\n\t\t\t\t\t\t\t<\/div>\n\t\t<\/section>\n\t\t\t\t<section class=\"elementor-section elementor-top-section elementor-element elementor-element-a39af6d elementor-section-boxed elementor-section-height-default elementor-section-height-default\" data-id=\"a39af6d\" data-element_type=\"section\" data-settings=\"{&quot;background_background&quot;:&quot;classic&quot;}\">\n\t\t\t\t\t\t<div class=\"elementor-container elementor-column-gap-default\">\n\t\t\t\t\t<div class=\"elementor-column elementor-col-100 elementor-top-column elementor-element elementor-element-7b5602f\" data-id=\"7b5602f\" data-element_type=\"column\">\n\t\t\t<div class=\"elementor-widget-wrap elementor-element-populated\">\n\t\t\t\t\t\t\t\t<div class=\"elementor-element elementor-element-6a5fa10 animated-slow elementor-invisible elementor-widget elementor-widget-image\" data-id=\"6a5fa10\" data-element_type=\"widget\" data-settings=\"{&quot;motion_fx_motion_fx_scrolling&quot;:&quot;yes&quot;,&quot;_animation&quot;:&quot;fadeInUp&quot;,&quot;motion_fx_devices&quot;:[&quot;desktop&quot;,&quot;tablet&quot;,&quot;mobile&quot;]}\" data-widget_type=\"image.default\">\n\t\t\t\t<div class=\"elementor-widget-container\">\n\t\t\t\t\t\t\t\t\t\t\t\t\t\t\t<img loading=\"lazy\" decoding=\"async\" width=\"300\" height=\"40\" src=\"https:\/\/nadal.sagales.com\/wp-content\/uploads\/2022\/12\/llums-llarg.svg\" class=\"attachment-medium size-medium\" alt=\"\" \/>\t\t\t\t\t\t\t\t\t\t\t\t\t\t\t<\/div>\n\t\t\t\t<\/div>\n\t\t\t\t\t<\/div>\n\t\t<\/div>\n\t\t\t\t\t\t\t<\/div>\n\t\t<\/section>\n\t\t\t\t\t\t\t<\/div>\n\t\t","protected":false},"excerpt":{"rendered":"<p>les desea que pasen unasfelices fiestas El cultivo de nuestros valores es la base firme que nos hace crecer. Cerramos un a\u00f1o nuevo con el convencimiento de haber regado un poco m\u00e1s este \u00e1rbol, de haber cuidado sus hojas y ramas y de haber recogido los frutos. En 2023 continuaremos con el compromiso de seguir [&hellip;]<\/p>\n","protected":false},"author":1,"featured_media":0,"parent":0,"menu_order":0,"comment_status":"closed","ping_status":"closed","template":"","meta":{"footnotes":""},"class_list":["post-477","page","type-page","status-publish","hentry"],"yoast_head":"<!-- This site is optimized with the Yoast SEO plugin v19.12 - https:\/\/yoast.com\/wordpress\/plugins\/seo\/ -->\n<title>Felicitaci\u00f3n Navidad 2022 - Nadal Sagal\u00e9s<\/title>\n<meta name=\"robots\" content=\"noindex, follow, max-snippet:-1, max-image-preview:large, max-video-preview:-1\" \/>\n<meta property=\"og:locale\" content=\"es_ES\" \/>\n<meta property=\"og:type\" content=\"article\" \/>\n<meta property=\"og:title\" content=\"Felicitaci\u00f3n Navidad 2022 - Nadal Sagal\u00e9s\" \/>\n<meta property=\"og:description\" content=\"les desea que pasen unasfelices fiestas El cultivo de nuestros valores es la base firme que nos hace crecer. Cerramos un a\u00f1o nuevo con el convencimiento de haber regado un poco m\u00e1s este \u00e1rbol, de haber cuidado sus hojas y ramas y de haber recogido los frutos. En 2023 continuaremos con el compromiso de seguir [&hellip;]\" \/>\n<meta property=\"og:url\" content=\"https:\/\/nadal.sagales.com\/es\/\" \/>\n<meta property=\"og:site_name\" content=\"Nadal Sagal\u00e9s\" \/>\n<meta property=\"article:publisher\" content=\"https:\/\/www.facebook.com\/sagalesbus\" \/>\n<meta property=\"article:modified_time\" content=\"2022-12-14T16:43:58+00:00\" \/>\n<meta property=\"og:image\" content=\"https:\/\/nadal.sagales.com\/wp-content\/uploads\/2022\/12\/logo-white_nadal_2.svg\" \/>\n<meta name=\"twitter:card\" content=\"summary_large_image\" \/>\n<meta name=\"twitter:site\" content=\"@sagalesbus\" \/>\n<meta name=\"twitter:label1\" content=\"Tiempo de lectura\" \/>\n\t<meta name=\"twitter:data1\" content=\"2 minutos\" \/>\n<script type=\"application\/ld+json\" class=\"yoast-schema-graph\">{\"@context\":\"https:\/\/schema.org\",\"@graph\":[{\"@type\":\"WebPage\",\"@id\":\"https:\/\/nadal.sagales.com\/es\/\",\"url\":\"https:\/\/nadal.sagales.com\/es\/\",\"name\":\"Felicitaci\u00f3n Navidad 2022 - Nadal Sagal\u00e9s\",\"isPartOf\":{\"@id\":\"https:\/\/nadal.sagales.com\/es\/#website\"},\"datePublished\":\"2022-11-28T09:36:11+00:00\",\"dateModified\":\"2022-12-14T16:43:58+00:00\",\"breadcrumb\":{\"@id\":\"https:\/\/nadal.sagales.com\/es\/#breadcrumb\"},\"inLanguage\":\"es\",\"potentialAction\":[{\"@type\":\"ReadAction\",\"target\":[\"https:\/\/nadal.sagales.com\/es\/\"]}]},{\"@type\":\"BreadcrumbList\",\"@id\":\"https:\/\/nadal.sagales.com\/es\/#breadcrumb\",\"itemListElement\":[{\"@type\":\"ListItem\",\"position\":1,\"name\":\"Inici\",\"item\":\"https:\/\/nadal.sagales.com\/es\/\"},{\"@type\":\"ListItem\",\"position\":2,\"name\":\"Felicitaci\u00f3n Navidad 2022\"}]},{\"@type\":\"WebSite\",\"@id\":\"https:\/\/nadal.sagales.com\/es\/#website\",\"url\":\"https:\/\/nadal.sagales.com\/es\/\",\"name\":\"Nadal Sagal\u00e9s 2022\",\"description\":\"us desitja que passeu unes bones festes\",\"publisher\":{\"@id\":\"https:\/\/nadal.sagales.com\/es\/#organization\"},\"alternateName\":\"Felicitaci\u00f3n de Nadal, Sagal\u00e9s 2022\",\"potentialAction\":[{\"@type\":\"SearchAction\",\"target\":{\"@type\":\"EntryPoint\",\"urlTemplate\":\"https:\/\/nadal.sagales.com\/es\/?s={search_term_string}\"},\"query-input\":\"required name=search_term_string\"}],\"inLanguage\":\"es\"},{\"@type\":\"Organization\",\"@id\":\"https:\/\/nadal.sagales.com\/es\/#organization\",\"name\":\"Sagal\u00e9s\",\"url\":\"https:\/\/nadal.sagales.com\/es\/\",\"logo\":{\"@type\":\"ImageObject\",\"inLanguage\":\"es\",\"@id\":\"https:\/\/nadal.sagales.com\/es\/#\/schema\/logo\/image\/\",\"url\":\"https:\/\/nadal.sagales.com\/wp-content\/uploads\/2022\/12\/logo-white_nadal_2.svg\",\"contentUrl\":\"https:\/\/nadal.sagales.com\/wp-content\/uploads\/2022\/12\/logo-white_nadal_2.svg\",\"width\":87,\"height\":20,\"caption\":\"Sagal\u00e9s\"},\"image\":{\"@id\":\"https:\/\/nadal.sagales.com\/es\/#\/schema\/logo\/image\/\"},\"sameAs\":[\"https:\/\/www.linkedin.com\/company\/sagales\/\",\"https:\/\/www.youtube.com\/channel\/UCQta5QHWpdgxNAsjCGYJkbA\",\"https:\/\/www.instagram.com\/sagales_bus\/\",\"https:\/\/www.facebook.com\/sagalesbus\",\"https:\/\/twitter.com\/sagalesbus\"]}]}<\/script>\n<!-- \/ Yoast SEO plugin. -->","yoast_head_json":{"title":"Felicitaci\u00f3n Navidad 2022 - Nadal Sagal\u00e9s","robots":{"index":"noindex","follow":"follow","max-snippet":"max-snippet:-1","max-image-preview":"max-image-preview:large","max-video-preview":"max-video-preview:-1"},"og_locale":"es_ES","og_type":"article","og_title":"Felicitaci\u00f3n Navidad 2022 - Nadal Sagal\u00e9s","og_description":"les desea que pasen unasfelices fiestas El cultivo de nuestros valores es la base firme que nos hace crecer. Cerramos un a\u00f1o nuevo con el convencimiento de haber regado un poco m\u00e1s este \u00e1rbol, de haber cuidado sus hojas y ramas y de haber recogido los frutos. En 2023 continuaremos con el compromiso de seguir [&hellip;]","og_url":"https:\/\/nadal.sagales.com\/es\/","og_site_name":"Nadal Sagal\u00e9s","article_publisher":"https:\/\/www.facebook.com\/sagalesbus","article_modified_time":"2022-12-14T16:43:58+00:00","og_image":[{"url":"https:\/\/nadal.sagales.com\/wp-content\/uploads\/2022\/12\/logo-white_nadal_2.svg"}],"twitter_card":"summary_large_image","twitter_site":"@sagalesbus","twitter_misc":{"Tiempo de lectura":"2 minutos"},"schema":{"@context":"https:\/\/schema.org","@graph":[{"@type":"WebPage","@id":"https:\/\/nadal.sagales.com\/es\/","url":"https:\/\/nadal.sagales.com\/es\/","name":"Felicitaci\u00f3n Navidad 2022 - Nadal Sagal\u00e9s","isPartOf":{"@id":"https:\/\/nadal.sagales.com\/es\/#website"},"datePublished":"2022-11-28T09:36:11+00:00","dateModified":"2022-12-14T16:43:58+00:00","breadcrumb":{"@id":"https:\/\/nadal.sagales.com\/es\/#breadcrumb"},"inLanguage":"es","potentialAction":[{"@type":"ReadAction","target":["https:\/\/nadal.sagales.com\/es\/"]}]},{"@type":"BreadcrumbList","@id":"https:\/\/nadal.sagales.com\/es\/#breadcrumb","itemListElement":[{"@type":"ListItem","position":1,"name":"Inici","item":"https:\/\/nadal.sagales.com\/es\/"},{"@type":"ListItem","position":2,"name":"Felicitaci\u00f3n Navidad 2022"}]},{"@type":"WebSite","@id":"https:\/\/nadal.sagales.com\/es\/#website","url":"https:\/\/nadal.sagales.com\/es\/","name":"Nadal Sagal\u00e9s 2022","description":"us desitja que passeu unes bones festes","publisher":{"@id":"https:\/\/nadal.sagales.com\/es\/#organization"},"alternateName":"Felicitaci\u00f3n de Nadal, Sagal\u00e9s 2022","potentialAction":[{"@type":"SearchAction","target":{"@type":"EntryPoint","urlTemplate":"https:\/\/nadal.sagales.com\/es\/?s={search_term_string}"},"query-input":"required name=search_term_string"}],"inLanguage":"es"},{"@type":"Organization","@id":"https:\/\/nadal.sagales.com\/es\/#organization","name":"Sagal\u00e9s","url":"https:\/\/nadal.sagales.com\/es\/","logo":{"@type":"ImageObject","inLanguage":"es","@id":"https:\/\/nadal.sagales.com\/es\/#\/schema\/logo\/image\/","url":"https:\/\/nadal.sagales.com\/wp-content\/uploads\/2022\/12\/logo-white_nadal_2.svg","contentUrl":"https:\/\/nadal.sagales.com\/wp-content\/uploads\/2022\/12\/logo-white_nadal_2.svg","width":87,"height":20,"caption":"Sagal\u00e9s"},"image":{"@id":"https:\/\/nadal.sagales.com\/es\/#\/schema\/logo\/image\/"},"sameAs":["https:\/\/www.linkedin.com\/company\/sagales\/","https:\/\/www.youtube.com\/channel\/UCQta5QHWpdgxNAsjCGYJkbA","https:\/\/www.instagram.com\/sagales_bus\/","https:\/\/www.facebook.com\/sagalesbus","https:\/\/twitter.com\/sagalesbus"]}]}},"_links":{"self":[{"href":"https:\/\/nadal.sagales.com\/es\/wp-json\/wp\/v2\/pages\/477","targetHints":{"allow":["GET"]}}],"collection":[{"href":"https:\/\/nadal.sagales.com\/es\/wp-json\/wp\/v2\/pages"}],"about":[{"href":"https:\/\/nadal.sagales.com\/es\/wp-json\/wp\/v2\/types\/page"}],"author":[{"embeddable":true,"href":"https:\/\/nadal.sagales.com\/es\/wp-json\/wp\/v2\/users\/1"}],"replies":[{"embeddable":true,"href":"https:\/\/nadal.sagales.com\/es\/wp-json\/wp\/v2\/comments?post=477"}],"version-history":[{"count":13,"href":"https:\/\/nadal.sagales.com\/es\/wp-json\/wp\/v2\/pages\/477\/revisions"}],"predecessor-version":[{"id":613,"href":"https:\/\/nadal.sagales.com\/es\/wp-json\/wp\/v2\/pages\/477\/revisions\/613"}],"wp:attachment":[{"href":"https:\/\/nadal.sagales.com\/es\/wp-json\/wp\/v2\/media?parent=477"}],"curies":[{"name":"wp","href":"https:\/\/api.w.org\/{rel}","templated":true}]}}